{"id":450,"date":"2018-07-03T13:25:35","date_gmt":"2018-07-03T11:25:35","guid":{"rendered":"http:\/\/brezenec.cz\/claire\/?page_id=450"},"modified":"2020-11-06T18:36:24","modified_gmt":"2020-11-06T17:36:24","slug":"o-mne","status":"publish","type":"page","link":"https:\/\/brezenec.cz\/claire\/o-mne\/","title":{"rendered":"O MN\u011a"},"content":{"rendered":"<p>V\u00edtejte na m\u00e9m blogu!<\/p>\n<p>Jmenuji se Kl\u00e1ra a jsem 21let\u00e1 studentka, kter\u00e1 studuje na VO\u0160 v \u00dast\u00ed nad Labem obor Diplomovan\u00fd farmaceutick\u00fd asistent. Bydl\u00edm v mal\u00e9 \u00fasteck\u00e9 vesni\u010dce B\u0159ezenec.<\/p>\n<p>Blog, focen\u00ed, cestov\u00e1n\u00ed a j\u00eddlo miluju. Procestovala jsem hodn\u011b m\u00edst, ale st\u00e1le jsou na seznamu m\u00edsta, kter\u00e1 jsem je\u0161t\u011b nenav\u0161t\u00edvila &#8211; Japonsko, Thajsko, USA, Kanada, Island, \u0160pan\u011blsko a mnoho dal\u0161\u00edch.<\/p>\n<p>Na blogu bych cht\u011bla zachytit v\u0161e, co se kolem m\u011b d\u011bje.<\/p>\n<p>K.<\/p>\n<p><img loading=\"lazy\" decoding=\"async\" class=\"aligncenter wp-image-1525 size-large\" src=\"http:\/\/brezenec.cz\/claire\/wp-content\/uploads\/2020\/11\/Klari-9-1024x683.jpg\" alt=\"\" width=\"1024\" height=\"683\" srcset=\"https:\/\/brezenec.cz\/claire\/wp-content\/uploads\/2020\/11\/Klari-9-1024x683.jpg 1024w, https:\/\/brezenec.cz\/claire\/wp-content\/uploads\/2020\/11\/Klari-9-300x200.jpg 300w, https:\/\/brezenec.cz\/claire\/wp-content\/uploads\/2020\/11\/Klari-9-768x512.jpg 768w, https:\/\/brezenec.cz\/claire\/wp-content\/uploads\/2020\/11\/Klari-9-1536x1024.jpg 1536w, https:\/\/brezenec.cz\/claire\/wp-content\/uploads\/2020\/11\/Klari-9-2048x1365.jpg 2048w\" sizes=\"(max-width: 1024px) 100vw, 1024px\" \/><\/p>\n","protected":false},"excerpt":{"rendered":"<p>V\u00edtejte na m\u00e9m blogu! Jmenuji se Kl\u00e1ra a jsem 21let\u00e1 studentka, kter\u00e1 studuje na VO\u0160 v \u00dast\u00ed nad Labem obor Diplomovan\u00fd farmaceutick\u00fd asistent. Bydl\u00edm v mal\u00e9 \u00fasteck\u00e9 vesni\u010dce B\u0159ezenec. Blog, focen\u00ed, cestov\u00e1n\u00ed a j\u00eddlo miluju. Procestovala jsem hodn\u011b m\u00edst, ale st\u00e1le jsou na seznamu m\u00edsta, kter\u00e1 jsem je\u0161t\u011b nenav\u0161t\u00edvila &#8211; Japonsko, Thajsko, USA, Kanada, Island, [&hellip;]<\/p>\n","protected":false},"author":2,"featured_media":0,"parent":0,"menu_order":0,"comment_status":"closed","ping_status":"closed","template":"","meta":{"footnotes":""},"class_list":["post-450","page","type-page","status-publish","hentry"],"_links":{"self":[{"href":"https:\/\/brezenec.cz\/claire\/wp-json\/wp\/v2\/pages\/450"}],"collection":[{"href":"https:\/\/brezenec.cz\/claire\/wp-json\/wp\/v2\/pages"}],"about":[{"href":"https:\/\/brezenec.cz\/claire\/wp-json\/wp\/v2\/types\/page"}],"author":[{"embeddable":true,"href":"https:\/\/brezenec.cz\/claire\/wp-json\/wp\/v2\/users\/2"}],"replies":[{"embeddable":true,"href":"https:\/\/brezenec.cz\/claire\/wp-json\/wp\/v2\/comments?post=450"}],"version-history":[{"count":5,"href":"https:\/\/brezenec.cz\/claire\/wp-json\/wp\/v2\/pages\/450\/revisions"}],"predecessor-version":[{"id":1529,"href":"https:\/\/brezenec.cz\/claire\/wp-json\/wp\/v2\/pages\/450\/revisions\/1529"}],"wp:attachment":[{"href":"https:\/\/brezenec.cz\/claire\/wp-json\/wp\/v2\/media?parent=450"}],"curies":[{"name":"wp","href":"https:\/\/api.w.org\/{rel}","templated":true}]}}